{"id":72,"date":"2021-10-06T20:05:57","date_gmt":"2021-10-06T12:05:57","guid":{"rendered":"https:\/\/blog.dreamyxiam.xyz\/?page_id=72"},"modified":"2025-06-01T18:13:00","modified_gmt":"2025-06-01T10:13:00","slug":"%e5%8f%8b%e9%93%be","status":"publish","type":"page","link":"https:\/\/blog.dreamyxiam.cloud\/?page_id=72","title":{"rendered":"\u53cb\u94fe"},"content":{"rendered":"\n<blockquote class=\"wp-block-quote has-text-align-center is-layout-flow wp-block-quote-is-layout-flow\">\n<p><strong>\u9752\u9752\u5b50\u887f\uff0c\u60a0\u60a0\u6211\u5fc3<\/strong><\/p>\n<\/blockquote>\n\n\n\n \n\n\n\n \n\n\n\n<p>\u6b22\u8fce\u5404\u4f4d\u5927\u4f6c\u4ea4\u6362\u53cb\u94fe (\u3065\uffe3 3\uffe3)\u3065<\/p>\n\n\n\n \n\n\n\n \n\n\n\n<p>\u2605 Bio\uff1aDreamy.Xiam&#8217;s Blog<\/p>\n\n\n\n<p>\u2605 Motto\uff1a\u535a\u89c2\u800c\u7ea6\u53d6\uff0c\u539a\u79ef\u800c\u8584\u53d1\uff01<\/p>\n\n\n\n<p>\u2605 URL\uff1a<a href=\"https:\/\/blog.dreamyxiam.cloud\/\" target=\"_blank\" rel=\"noreferrer noopener\">https:\/\/blog.dreamyxiam.cloud\/<\/a><\/p>\n\n\n\n<p>\u2605 Avatar\uff1ahttps:\/\/dreamyxiam.xyz\/Picture\/tx.jpg<\/p>\n\n\n\n \n\n\n\n<p>\u203b \u4ee5\u4e0b\u53cb\u94fe\u6309\u535a\u4e3b\u4e92\u8bbf\u9891\u7387\u6392\u5e8f\uff0c\u5e76\u6839\u636e\u4e2a\u4eba\u5bf9\u535a\u5ba2\u5185\u5bb9\u559c\u597d\u52a0\u6743\uff0c\u535a\u4e3b\u5c06\u4e0d\u5b9a\u671f\u66f4\u65b0\u6392\u5e8f\u5e76\u8fc7\u6ee4\u9635\u4ea1\u540d\u5355\u3002<\/p>\n\n\n\n \n\n\n\n \n\n\n\n \n\n\n\n<div class=\"wp-block-media-text alignwide is-stacked-on-mobile\" style=\"grid-template-columns:25% auto\"><figure class=\"wp-block-media-text__media\"><div class='fancybox-wrapper lazyload-container-unload' data-fancybox='post-images' href='https:\/\/q1.qlogo.cn\/g?b=qq&amp;nk=1104195224&amp;s=0'><img class=\"lazyload lazyload-style-1\" src=\"data:image\/svg+xml;base64,PCEtLUFyZ29uTG9hZGluZy0tPgo8c3ZnIHdpZHRoPSIxIiBoZWlnaHQ9IjEiIHhtbG5zPSJodHRwOi8vd3d3LnczLm9yZy8yMDAwL3N2ZyIgc3Ryb2tlPSIjZmZmZmZmMDAiPjxnPjwvZz4KPC9zdmc+\"  decoding=\"async\" data-original=\"https:\/\/q1.qlogo.cn\/g?b=qq&amp;nk=1104195224&amp;s=0\" src=\"data:image\/png;base64,iVBORw0KGgoAAAANSUhEUgAAAAEAAAABCAYAAAAfFcSJAAAAAXNSR0IArs4c6QAAAARnQU1BAACxjwv8YQUAAAAJcEhZcwAADsQAAA7EAZUrDhsAAAANSURBVBhXYzh8+PB\/AAffA0nNPuCLAAAAAElFTkSuQmCC\" alt=\"\"\/><\/div><\/figure><div class=\"wp-block-media-text__content\">\n<p class=\"has-large-font-size\"><strong>Dreamy.WJY<\/strong><\/p>\n\n\n\n<p><a rel=\"noreferrer noopener\" href=\"https:\/\/wjy.me\" target=\"_blank\"><strong>https:\/\/wjy.me<\/strong><\/a>                   <\/p>\n\n\n\n<p><strong>\u4e00\u6761\u6709\u7740\u8fdc\u5927\u7406\u60f3\u7684\u54b8\u9c7c<\/strong><\/p>\n<\/div><\/div>\n\n\n\n<hr class=\"wp-block-separator has-css-opacity\"\/>\n\n\n\n<div class=\"wp-block-media-text alignwide is-stacked-on-mobile\" style=\"grid-template-columns:25% auto\"><figure class=\"wp-block-media-text__media\"><div class='fancybox-wrapper lazyload-container-unload' data-fancybox='post-images' href='https:\/\/cdn.jsdelivr.net\/gh\/hvnobug\/assets\/common\/avatar.png'><img class=\"lazyload lazyload-style-1\" src=\"data:image\/svg+xml;base64,PCEtLUFyZ29uTG9hZGluZy0tPgo8c3ZnIHdpZHRoPSIxIiBoZWlnaHQ9IjEiIHhtbG5zPSJodHRwOi8vd3d3LnczLm9yZy8yMDAwL3N2ZyIgc3Ryb2tlPSIjZmZmZmZmMDAiPjxnPjwvZz4KPC9zdmc+\"  decoding=\"async\" data-original=\"https:\/\/cdn.jsdelivr.net\/gh\/hvnobug\/assets\/common\/avatar.png\" src=\"data:image\/png;base64,iVBORw0KGgoAAAANSUhEUgAAAAEAAAABCAYAAAAfFcSJAAAAAXNSR0IArs4c6QAAAARnQU1BAACxjwv8YQUAAAAJcEhZcwAADsQAAA7EAZUrDhsAAAANSURBVBhXYzh8+PB\/AAffA0nNPuCLAAAAAElFTkSuQmCC\" alt=\"\"\/><\/div><\/figure><div class=\"wp-block-media-text__content\">\n<p class=\"has-large-font-size\"><strong>Emil\u2019s blog<\/strong> <\/p>\n\n\n\n<p><a href=\" https:\/\/blog.hvnobug.com\/\"><strong> ht<\/strong><\/a><a href=\"https:\/\/blog.asaca.cc\/\" target=\"_blank\" rel=\"noreferrer noopener\">https:\/\/blog.asaca.cc<\/a><\/p>\n\n\n\n<p><strong>\u8fd9\u662f\u4e00\u4e2a\u5206\u4eabIT\u6280\u672f\u7684\u5c0f\u7ad9\u3002<\/strong><\/p>\n<\/div><\/div>\n\n\n\n<hr class=\"wp-block-separator has-css-opacity\"\/>\n\n\n\n<div class=\"wp-block-media-text alignwide is-stacked-on-mobile\" style=\"grid-template-columns:25% auto\"><figure class=\"wp-block-media-text__media\"><div class='fancybox-wrapper lazyload-container-unload' data-fancybox='post-images' href='https:\/\/q1.qlogo.cn\/g?b=qq&amp;s=640&amp;nk=1559577862'><img class=\"lazyload lazyload-style-1\" src=\"data:image\/svg+xml;base64,PCEtLUFyZ29uTG9hZGluZy0tPgo8c3ZnIHdpZHRoPSIxIiBoZWlnaHQ9IjEiIHhtbG5zPSJodHRwOi8vd3d3LnczLm9yZy8yMDAwL3N2ZyIgc3Ryb2tlPSIjZmZmZmZmMDAiPjxnPjwvZz4KPC9zdmc+\"  decoding=\"async\" data-original=\"https:\/\/q1.qlogo.cn\/g?b=qq&amp;s=640&amp;nk=1559577862\" src=\"data:image\/png;base64,iVBORw0KGgoAAAANSUhEUgAAAAEAAAABCAYAAAAfFcSJAAAAAXNSR0IArs4c6QAAAARnQU1BAACxjwv8YQUAAAAJcEhZcwAADsQAAA7EAZUrDhsAAAANSURBVBhXYzh8+PB\/AAffA0nNPuCLAAAAAElFTkSuQmCC\" alt=\"\"\/><\/div><\/figure><div class=\"wp-block-media-text__content\">\n<p class=\"has-large-font-size\"><strong>him\u012b\u015b\u0101<\/strong><\/p>\n\n\n\n<p><a href=\"https:\/\/bridge.kamine.cloud\/\" target=\"_blank\" rel=\"noreferrer noopener\">https:\/\/bridge.kamine.cloud<\/a><\/p>\n\n\n\n<p><strong>\u793c\u656c\u4e16\u5c0a\u836f\u5e08\u7409\u7483\u5149\u738b\u5982\u6765\u5e94\u4f9b\u6b63\u904d\u77e5\u89c9<\/strong><\/p>\n<\/div><\/div>\n\n\n\n<hr class=\"wp-block-separator has-css-opacity\"\/>\n\n\n\n<div class=\"wp-block-group alignwide\"><div class=\"wp-block-group__inner-container is-layout-flow wp-block-group-is-layout-flow\">\n<div class=\"wp-block-media-text alignwide is-stacked-on-mobile is-vertically-aligned-center\" style=\"grid-template-columns:25% auto\"><figure class=\"wp-block-media-text__media\"><div class='fancybox-wrapper lazyload-container-unload' data-fancybox='post-images' href='https:\/\/cdn.jsdelivr.net\/gh\/yremp\/resource@2.0\/img\/custom\/head.jpg'><img class=\"lazyload lazyload-style-1\" src=\"data:image\/svg+xml;base64,PCEtLUFyZ29uTG9hZGluZy0tPgo8c3ZnIHdpZHRoPSIxIiBoZWlnaHQ9IjEiIHhtbG5zPSJodHRwOi8vd3d3LnczLm9yZy8yMDAwL3N2ZyIgc3Ryb2tlPSIjZmZmZmZmMDAiPjxnPjwvZz4KPC9zdmc+\"  decoding=\"async\" data-original=\"https:\/\/cdn.jsdelivr.net\/gh\/yremp\/resource@2.0\/img\/custom\/head.jpg\" src=\"data:image\/png;base64,iVBORw0KGgoAAAANSUhEUgAAAAEAAAABCAYAAAAfFcSJAAAAAXNSR0IArs4c6QAAAARnQU1BAACxjwv8YQUAAAAJcEhZcwAADsQAAA7EAZUrDhsAAAANSURBVBhXYzh8+PB\/AAffA0nNPuCLAAAAAElFTkSuQmCC\" alt=\"\"\/><\/div><\/figure><div class=\"wp-block-media-text__content\">\n<p class=\"has-large-font-size\"><strong>Yremp<\/strong><\/p>\n\n\n\n<p><a href=\"https:\/\/yremp.live\" target=\"_blank\" rel=\"noreferrer noopener\">https:\/\/yremp.live<\/a><\/p>\n\n\n\n<p><strong>\u6d41\u5e74\uff0c\u8c01\u7ed9\u8fc7\u7684\u503e\u57ce<\/strong><\/p>\n<\/div><\/div>\n<\/div><\/div>\n\n\n\n<hr class=\"wp-block-separator has-css-opacity\"\/>\n\n\n\n<div class=\"wp-block-media-text alignwide is-stacked-on-mobile\" style=\"grid-template-columns:25% auto\"><figure class=\"wp-block-media-text__media\"><div class='fancybox-wrapper lazyload-container-unload' data-fancybox='post-images' href='https:\/\/cdn.jsdelivr.net\/npm\/typecho-joe-next@6.0.0\/assets\/img\/link.png'><img class=\"lazyload lazyload-style-1\" src=\"data:image\/svg+xml;base64,PCEtLUFyZ29uTG9hZGluZy0tPgo8c3ZnIHdpZHRoPSIxIiBoZWlnaHQ9IjEiIHhtbG5zPSJodHRwOi8vd3d3LnczLm9yZy8yMDAwL3N2ZyIgc3Ryb2tlPSIjZmZmZmZmMDAiPjxnPjwvZz4KPC9zdmc+\"  decoding=\"async\" data-original=\"https:\/\/cdn.jsdelivr.net\/npm\/typecho-joe-next@6.0.0\/assets\/img\/link.png\" src=\"data:image\/png;base64,iVBORw0KGgoAAAANSUhEUgAAAAEAAAABCAYAAAAfFcSJAAAAAXNSR0IArs4c6QAAAARnQU1BAACxjwv8YQUAAAAJcEhZcwAADsQAAA7EAZUrDhsAAAANSURBVBhXYzh8+PB\/AAffA0nNPuCLAAAAAElFTkSuQmCC\" alt=\"\"\/><\/div><\/figure><div class=\"wp-block-media-text__content\">\n<p class=\"has-large-font-size\">SHAUN&#8217;S BLOG<\/p>\n\n\n\n<p><a href=\"https:\/\/xxj79.github.io\/\" target=\"_blank\" rel=\"noreferrer noopener\">https:\/\/xxj79.github.io<\/a><\/p>\n\n\n\n<p><strong>\u81f4\u529b\u4e8e\u5206\u4eab\u539f\u521b\u4f18\u79c0\u6587\u7ae0\u53ca\u5b9e\u7528\u7684\u8f6f\u4ef6<\/strong><\/p>\n<\/div><\/div>\n","protected":false},"excerpt":{"rendered":"<p>\u9752\u9752\u5b50\u887f\uff0c\u60a0\u60a0\u6211\u5fc3 \u6b22\u8fce\u5404\u4f4d\u5927\u4f6c\u4ea4\u6362\u53cb\u94fe (\u3065\uffe3 3\uffe3)\u3065 \u2605 Bio\uff1aDreamy.Xiam&#8217;s [&hellip;]<\/p>\n","protected":false},"author":1,"featured_media":0,"parent":0,"menu_order":0,"comment_status":"open","ping_status":"closed","template":"","meta":{"footnotes":""},"class_list":["post-72","page","type-page","status-publish","hentry"],"_links":{"self":[{"href":"https:\/\/blog.dreamyxiam.cloud\/index.php?rest_route=\/wp\/v2\/pages\/72","targetHints":{"allow":["GET"]}}],"collection":[{"href":"https:\/\/blog.dreamyxiam.cloud\/index.php?rest_route=\/wp\/v2\/pages"}],"about":[{"href":"https:\/\/blog.dreamyxiam.cloud\/index.php?rest_route=\/wp\/v2\/types\/page"}],"author":[{"embeddable":true,"href":"https:\/\/blog.dreamyxiam.cloud\/index.php?rest_route=\/wp\/v2\/users\/1"}],"replies":[{"embeddable":true,"href":"https:\/\/blog.dreamyxiam.cloud\/index.php?rest_route=%2Fwp%2Fv2%2Fcomments&post=72"}],"version-history":[{"count":40,"href":"https:\/\/blog.dreamyxiam.cloud\/index.php?rest_route=\/wp\/v2\/pages\/72\/revisions"}],"predecessor-version":[{"id":1109,"href":"https:\/\/blog.dreamyxiam.cloud\/index.php?rest_route=\/wp\/v2\/pages\/72\/revisions\/1109"}],"wp:attachment":[{"href":"https:\/\/blog.dreamyxiam.cloud\/index.php?rest_route=%2Fwp%2Fv2%2Fmedia&parent=72"}],"curies":[{"name":"wp","href":"https:\/\/api.w.org\/{rel}","templated":true}]}}